{"id":8,"date":"2012-08-20T22:11:26","date_gmt":"2012-08-20T20:11:26","guid":{"rendered":"http:\/\/www.tor.dk\/?page_id=8"},"modified":"2013-09-24T20:15:50","modified_gmt":"2013-09-24T18:15:50","slug":"bio","status":"publish","type":"page","link":"https:\/\/www.tor.dk\/en\/about\/bio\/","title":{"rendered":"Bio"},"content":{"rendered":"<p><strong>Tor N\u00f8rretranders\u00a0<\/strong><\/p>\n<p><strong><\/strong>Writer, speaker, thinker<\/p>\n<p>Born in Copenhagen, Denmark 1955.<\/p>\n<div id=\"attachment_2591\" style=\"width: 635px\" class=\"wp-caption alignnone\"><a href=\"http:\/\/www.tor.dk\/wp-content\/uploads\/2012\/08\/tor-n\u00f8rretranders-Foto-Andreas-Bergmann-KOMP.jpg\"><img loading=\"lazy\" decoding=\"async\" aria-describedby=\"caption-attachment-2591\" data-attachment-id=\"2591\" data-permalink=\"https:\/\/www.tor.dk\/en\/about\/bio\/tor-norretranders-foto-andreas-bergmann-komp\/\" data-orig-file=\"https:\/\/www.tor.dk\/wp-content\/uploads\/2012\/08\/tor-n\u00f8rretranders-Foto-Andreas-Bergmann-KOMP.jpg\" data-orig-size=\"3098,2061\" data-comments-opened=\"1\" data-image-meta=\"{&quot;aperture&quot;:&quot;0&quot;,&quot;credit&quot;:&quot;Foto: Andreas Bergmann Steen&quot;,&quot;camera&quot;:&quot;&quot;,&quot;caption&quot;:&quot;&quot;,&quot;created_timestamp&quot;:&quot;0&quot;,&quot;copyright&quot;:&quot;Foto: Andreas Bergmann Steen&quot;,&quot;focal_length&quot;:&quot;0&quot;,&quot;iso&quot;:&quot;0&quot;,&quot;shutter_speed&quot;:&quot;0&quot;,&quot;title&quot;:&quot;&quot;}\" data-image-title=\"tor n\u00f8rretranders Foto Andreas Bergmann KOMP\" data-image-description=\"\" data-image-caption=\"&lt;p&gt;Foto: Andreas Bergmann&lt;\/p&gt;\n\" data-large-file=\"https:\/\/www.tor.dk\/wp-content\/uploads\/2012\/08\/tor-n\u00f8rretranders-Foto-Andreas-Bergmann-KOMP-1024x681.jpg\" class=\"size-large wp-image-2591\" title=\"tor n\u00f8rretranders Foto Andreas Bergmann KOMP\" src=\"http:\/\/www.tor.dk\/wp-content\/uploads\/2012\/08\/tor-n\u00f8rretranders-Foto-Andreas-Bergmann-KOMP-1024x681.jpg\" alt=\"\" width=\"625\" height=\"415\" srcset=\"https:\/\/www.tor.dk\/wp-content\/uploads\/2012\/08\/tor-n\u00f8rretranders-Foto-Andreas-Bergmann-KOMP-1024x681.jpg 1024w, https:\/\/www.tor.dk\/wp-content\/uploads\/2012\/08\/tor-n\u00f8rretranders-Foto-Andreas-Bergmann-KOMP-300x199.jpg 300w, https:\/\/www.tor.dk\/wp-content\/uploads\/2012\/08\/tor-n\u00f8rretranders-Foto-Andreas-Bergmann-KOMP-624x415.jpg 624w\" sizes=\"auto, (max-width: 625px) 100vw, 625px\" \/><\/a><p id=\"caption-attachment-2591\" class=\"wp-caption-text\">Foto: Andreas Bergmann<\/p><\/div>\n<p>&nbsp;<\/p>\n<p><strong>Academic background:<\/strong><\/p>\n<p><em>cand.techn.soc.<\/em> (M.Sc.) from Roskilde University 1982 (philosophy and sociology of science applied to socio-economic planning). Academically employed at Technical University of Denmark (1982-83), Royal Danish Academy of Fine Arts (1990-91), Ris\u00f8 National Laboratory (1993). Director of the Mindship Foundation (1995-96). Adjunct Professor of the Philosophy of Science at Copenhagen Business School from 2003.<\/p>\n<p>&nbsp;<\/p>\n<p><strong>Journalistic background:<\/strong><\/p>\n<p>Science writer at leading Copenhagen daily and weekly newspapers (Information, Weekendavisen, B\u00f8rsens Nyhedsmagasin, Politiken) and the Danish Broadcasting Corporation (Danmarks Radio), hosting the tv-show &#8220;Hv\u00e6lv&#8221;. Received the non-fiction prize of the Danish Writers Union, 1985, and the publicist prize of of the Danish Publicist Club, 1988.<\/p>\n<p>&nbsp;<\/p>\n<p><strong>Books published<\/strong> include:<\/p>\n<p><em>Om kapitalistisk naturvidenskab<\/em> (Modtryk, 1976);<\/p>\n<p><em>Kr\u00e6ftens frie spil<\/em>\u00a0 (Information, 1980);<\/p>\n<p><em>Kosmos eller kaos<\/em>\u00a0 (Tiderne Skifter, 1984);<\/p>\n<p><em>Det udelelige<\/em>\u00a0 (Gyldendal, 1985);<\/p>\n<p><em>Naturvidenskab og ikke-viden<\/em>\u00a0 (Kim\u00e6re, 1987);<\/p>\n<p><em>Videnskabsvurdering<\/em>\u00a0 (Gyldendal, 1987);<\/p>\n<p><em>Den bl\u00e5 himmel<\/em>\u00a0 (Munksgaard, 1987); <sup>(1)<\/sup><\/p>\n<p><em>Dansk dynamit: Dansk forsknings internationale status vurderet ud fra bibliometriske indikatorer<\/em>\u00a0 (with Tarjei Haaland, Forskningspolitisk R\u00e5d, 1990);<\/p>\n<p><em>M\u00e6rk verden<\/em>\u00a0 (Gyldendal, 1991); <sup>(2)<\/sup><\/p>\n<p><em>Verden vokser <\/em>\u00a0(Aschehoug, 1994); <sup>(3)<\/sup><\/p>\n<p><em>Person p\u00e5 en planet <\/em>\u00a0(Aschehoug, 1995)<\/p>\n<p><em>Stedet som ikke er<\/em>\u00a0 (Aschehoug, 1997)<sup>(5)<\/sup><\/p>\n<p><em>Frem i tiden <\/em>\u00a0(Tiderne Skifter, 1999)<\/p>\n<p><em>Det gener\u00f8se menneske<\/em> (People&#8217;sPress 2002)<sup>(6)<\/sup><\/p>\n<p><em>At tro p\u00e5 at tro <\/em>\u00a0(Anis, 2003)<\/p>\n<p><em>Menneskef\u00f8de<\/em> (Tiderne Skifter, 2005)<\/p>\n<p><em>Einstein, Einstein<\/em> (Politikens Forlag, 2005)<\/p>\n<p><em>Civilisation 2.0<\/em> (Thaning &amp; Appel, 2007)<\/p>\n<p><em>B\u00f8rnesp\u00f8rgehj\u00f8rne<\/em> (Thaning &amp; Appel, 2007)<\/p>\n<p><em>Gl\u00e6d dig<\/em> (TV2 Forlag, 2007)<\/p>\n<p><em>Gr\u00f8nt lys<\/em> (Verve, 2008)<\/p>\n<p><em>B\u00f8rnesp\u00f8rgehj\u00f8rne 2<\/em> (Thaning &amp; Appel, 2008)<\/p>\n<p><em>vild verden<\/em> (Tiderne Skifter, 2010)<\/p>\n<p><em>f\u00e6lledskab<\/em> (with S\u00f8ren Hermansen, Sams\u00f8 Energiakademi, 2011)<\/p>\n<p><em>afskaf affald<\/em> (Renosam, 2012)<\/p>\n<p>&nbsp;<\/p>\n<p><strong>Book translations.<\/strong><\/p>\n<p>(1) Rowohlt Germany, 1993.<\/p>\n<p>(2) Cappelen Norway 1992, Bonnier Alba Sweden 1993, Rowohlt Germany 1994\u00a0 (<em>Sp\u00fcre die Welt<\/em> ), Viking USA 1998 (<em>The User Illusion<\/em> ), Allen Lane UK 1998 ,\u00a0 De Arbeiderspers, Holland 2000,\u00a0 Japan 2002, Romania 2009.<\/p>\n<p>(3) Bonnier Alba Sweden 1995.<\/p>\n<p>(4) Aschehoug Norway 1982, RFSU Sweden 1982, Rowohlt Germany 1982.<\/p>\n<p>(5) Bokf\u00f6rlaget DN Sweden 1998<\/p>\n<p>(6) Sweden 2003, Estonia 2004, Norway 2004, Finland 2004,\u00a0 Germany 2004 (<em>Homo generosus<\/em>), Japan 2005, USA 2005 (<em>The Generous Man)<\/em>, Korea 2007, Romania 2008.<\/p>\n<p>&nbsp;<\/p>\n<p>&nbsp;<\/p>\n<p>&nbsp;<\/p>\n<p><strong>Editor of<\/strong><\/p>\n<p><em>Hengivelse<\/em>\u00a0 (Information, 1981)(4)<\/p>\n<p><em>M\u00e5nen i manden<\/em>\u00a0 (Tiderne Skifter, 1983).<\/p>\n<p>The quarterly journal <em>Naturkampen<\/em> 1976-1986.<\/p>\n<p>The book series <em>Nysyn<\/em>\u00a0 for Munksgaard 1987-89.<\/p>\n<p>The <em>Hv\u00e6lv<\/em>\u00a0 science tv-magazine, broadcast by the Danish Broadcasting Corporation 1986-1989.<\/p>\n<p>&nbsp;<\/p>\n<p><strong>\u00a0<\/strong><\/p>\n<p><strong>\u00a0<\/strong><\/p>\n<p><strong>Lecturer and consultant <\/strong><strong>\u00a0<\/strong><\/p>\n<p>Numerous articles in anthologies, journals, periodicals and newspapers. Lectures in academic, corporate and trade union audiences as well as general public audiences. Advisory\u00a0 and consultancy tasks for Council of Europe, Danish government bodies, scientific institutions, private companies, trade unions and art groups. Contributions to book anthologies and websites like edge.org.<\/p>\n","protected":false},"excerpt":{"rendered":"<p>Tor N\u00f8rretranders\u00a0 Writer, speaker, thinker Born in Copenhagen, Denmark 1955. &nbsp; Academic background: cand.techn.soc. (M.Sc.) from Roskilde University 1982 (philosophy and sociology of science applied to socio-economic planning). Academically employed at Technical University of Denmark (1982-83), Royal Danish Academy of Fine Arts (1990-91), Ris\u00f8 National Laboratory (1993). Director of the Mindship Foundation (1995-96). Adjunct Professor [&hellip;]<\/p>\n","protected":false},"author":1,"featured_media":0,"parent":936,"menu_order":0,"comment_status":"closed","ping_status":"closed","template":"","meta":{"_exactmetrics_skip_tracking":false,"_exactmetrics_sitenote_active":false,"_exactmetrics_sitenote_note":"","_exactmetrics_sitenote_category":0,"footnotes":""},"class_list":["post-8","page","type-page","status-publish","hentry"],"aioseo_notices":[],"jetpack_shortlink":"https:\/\/wp.me\/P2FKoN-8","jetpack_sharing_enabled":true,"_links":{"self":[{"href":"https:\/\/www.tor.dk\/en\/wp-json\/wp\/v2\/pages\/8","targetHints":{"allow":["GET"]}}],"collection":[{"href":"https:\/\/www.tor.dk\/en\/wp-json\/wp\/v2\/pages"}],"about":[{"href":"https:\/\/www.tor.dk\/en\/wp-json\/wp\/v2\/types\/page"}],"author":[{"embeddable":true,"href":"https:\/\/www.tor.dk\/en\/wp-json\/wp\/v2\/users\/1"}],"replies":[{"embeddable":true,"href":"https:\/\/www.tor.dk\/en\/wp-json\/wp\/v2\/comments?post=8"}],"version-history":[{"count":5,"href":"https:\/\/www.tor.dk\/en\/wp-json\/wp\/v2\/pages\/8\/revisions"}],"predecessor-version":[{"id":2592,"href":"https:\/\/www.tor.dk\/en\/wp-json\/wp\/v2\/pages\/8\/revisions\/2592"}],"up":[{"embeddable":true,"href":"https:\/\/www.tor.dk\/en\/wp-json\/wp\/v2\/pages\/936"}],"wp:attachment":[{"href":"https:\/\/www.tor.dk\/en\/wp-json\/wp\/v2\/media?parent=8"}],"curies":[{"name":"wp","href":"https:\/\/api.w.org\/{rel}","templated":true}]}}